{"id":4157,"date":"2023-11-02T11:54:52","date_gmt":"2023-11-02T10:54:52","guid":{"rendered":"https:\/\/medicalmobility.demos-idento.es\/avviso-legale\/"},"modified":"2023-11-02T11:54:53","modified_gmt":"2023-11-02T10:54:53","slug":"avviso-legale","status":"publish","type":"page","link":"https:\/\/medicalmobility.es\/it\/avviso-legale\/","title":{"rendered":"Avviso legale"},"content":{"rendered":"\n<p><strong>Ortopedia Ortoespa\u00f1a S.L <\/strong>d&#8217;ora in poi TITOLARE, mette a disposizione degli utenti questo documento, con il quale pretende rispettare gli obblighi delle obbligazioni disposte nella Legge 34\/2002, del 11 di luglio, di Servizi della Societ\u00e0 dell&#8217;informazione e del Commercio Elettronico (LSSICE), cos\u00ec come informare tutti gli utenti del sito web rispetto a quali sono le condizioni di uso.<\/p>\n\n<p>Qualsiasi persona che accede a questa pagina web assume il ruolo di utente, e si compromette a osservare e rispettare rigorosamente le disposizioni qui disposte, cos\u00ec come qualsiasi altra disposizione legale applicabile. <\/p>\n\n<p>Ortopedia Ortoespa\u00f1a S.L, si riserva il diritto di modificare le informazioni che possono apparire nella web, senza che esista l&#8217;obbligo di avvisare previamente o mettere a conoscenza gli utenti di tali obblighi, considerandosi come sufficienti quelle pubblicate sul sito web.<\/p>\n\n<div style=\"height:30px\" aria-hidden=\"true\" class=\"wp-block-spacer\"><\/div>\n\n<p class=\"has-medium-font-size\"><strong>1. DATI IDENTIFICATIVI<\/strong><\/p>\n\n<ul>\n<li>Denominazione sociale: Ortopedia Ortoespa\u00f1a S.L<\/li>\n\n\n\n<li>Nome commerciale: Medical Mobility<\/li>\n\n\n\n<li>Dominio web: www.medicalmobility.es<\/li>\n\n\n\n<li>C.I.F: B56072119<\/li>\n\n\n\n<li>Domicilio: Calle Alcalde Sanz Noguer, 5 Bajo, 14005 C\u00f3rdoba (Espa\u00f1a).<\/li>\n\n\n\n<li>Telelono: 957 845 707-692 143 088<\/li>\n\n\n\n<li>e-mail: <a href=\"mailto:info@medicalmobility.com\">info@medicalmobility.com<\/a><\/li>\n\n\n\n<li>Iscritta nel Registro Mercantile di Cordova, numero di iscrizione 1, tomo 2575, foglio 1, pagina 38050.<\/li>\n<\/ul>\n\n<div style=\"height:30px\" aria-hidden=\"true\" class=\"wp-block-spacer\"><\/div>\n\n<p class=\"has-medium-font-size\"><strong>2. DIRITTI DI PROPRIET\u00c0 INTELLETTUALE E INDUSTRIALE<\/strong><\/p>\n\n<p>Il sito web, inclusi ma non limitati alla sua programmazione, modifica, compilazione e altri elementi necessari per il suo funzionamento, i disegni, i loghi, i testi e\/o la grafica, sono di propriet\u00e0 del TITOLARE o, se applicabile, dispone di licenza o autorizzazione espressa da parte di gli autori<\/p>\n\n<p>Indipendentemente dallo scopo al quale sia destinato, la riproduzione totale o parziale, uso, sfruttamento, distribuzione e commercializzazione, richiede in ogni caso l&#8217;autorizzazione previa e scritta da parte del TITOLARE. Qualsiasi uso non autorizzato previamente si considera una violazione grave dei dirirtti di propriet\u00e0 intellettuale o industriale dell&#8217;autore. <\/p>\n\n<p>I disegni, loghi, testi e\/o grafica estranea al TITOLARE che possono essere presenti sul sito web, appartengono ai loro rispettivi proprietrari, essendo loro stessi responsabili di qualsiasi possibile controversia che potesse sorgere nei loro confronti. Il TITOLARE autorizza espressamente i terzi a reindirizzare direttamente ai contenuti specifici del sito, e comunque reindirizzare al sito principale. Il TITOLARE riconosce i corrispondenti diritti di propriet\u00e0 intellettuale e industriale a favore dei rispettivi titolari, e la loro semplice menzione o comparsa sul sito non implica l&#8217;esistenza di alcun diritto o responsabilit\u00e0 sugli stessi, n\u00e9 implica approvazione, sponsorizzazione o raccomandazione da parte degli stessi.<\/p>\n\n<p>Per realizzare qualsiasi tipo di osservazione rispetto a possibili violazioni dei diritti di propriet\u00e0 intellettuale o industriale, cos\u00ec come relativo a qualsiasi dei contenuti presenti nel sito web, pu\u00f2 farlo tramite l&#8217;indirizzo di posta elettronica.<\/p>\n\n<div style=\"height:30px\" aria-hidden=\"true\" class=\"wp-block-spacer\"><\/div>\n\n<p class=\"has-medium-font-size\"><strong>3. ESENZIONE DI RESPONSABILIT\u00c0<\/strong><\/p>\n\n<p>Il TITOLARE si esonera di qualsiasi tipo di responsabilit\u00e0 derivata dall&#8217;informazione pubblicata sul suo sito web sempre che l&#8217;informazione sia stata manipolata o introdotta da una terza persona estranea allo stesso.<\/p>\n\n<div style=\"height:30px\" aria-hidden=\"true\" class=\"wp-block-spacer\"><\/div>\n\n<p><strong>Politica di linkscore<\/strong><\/p>\n\n<p>Dal sito web, \u00e8 possibile che si venga indirizzati a contenuti di terzi. Poich\u00e8 il TITOLARE non sempre pu\u00f2 controllare i contenuti introdotti da terzi nei loro rispettivi siti web, non si assume nessun tipo di responsabilit\u00e0 rispetto a questi contenuti. In ogni caso, proceder\u00e0 alla rimozione immediata di qualsiasi contenuto che potesse contravvenire la legge nazionale o internazionale, la morale o l&#8217;ordine pubblico, procedendo alla rimozione immediata del reindirizzo al suddetto sito web, mettendo a conoscenza delle autorit\u00e0 competenti il contenuto in questione. <\/p>\n\n<p>Il TITOLARE non \u00e8 responsabile delle informazioni e dei contenuti archiviati, a titolo esemplificativo, ma non esaustivo, in forum, chat, generatori di blog, commenti, social network o qualsiasi altro mezzo che consenta a terzi di pubblicare contenuti in modo indipendente sulla pagina del TITOLARE. Tuttavia, in conformit\u00e0 con lo disposto negli articoli 11 e 16 della LSSICE, si mette a disposizione di tutti gli utenti, autorit\u00e0 e forze di sicurezza, collaborando in forma attiva al ritiro o, al blocco di tutti quei contenuti che possono influenzare o contravvenire la legislazione nazionale o internazione, i diritti di terzi o la morale e l&#8217;ordine pubblico. Nel caso in cui l&#8217;utente consideri che esista nel sito web qualche contenuto che possa essere soggetto a questa classificazione, si prega che venga notificato immediatamente all&#8217;ammisnistratore della pagina web. <\/p>\n\n<p>Questa pagina web \u00e8 stata controllata e testata per il corretto funzionamento. In principio, si pu\u00f2 garantire il corretto funzionamento durante i 365 giorni dell&#8217;anno, 24h al giorno. Tuttavia, il RESPONSABILE, non esclude la possibilit\u00e0 che esistano certi errori di programmazione, o che per causa di forza maggiore, catastrofi naturali, scioperi o circostanze simili sia impossibile l&#8217;accesso alla pagina web.<br\/> <\/p>\n\n<p class=\"has-medium-font-size\"><strong>4. LEGGE APPLICABILE E COMPETENZA<\/strong><\/p>\n\n<p>Questa pagina si trova sottomessa alla legge spagnola e in caso di litigi e controversie nate dall&#8217;uso di questa pagina entrambe le parti si sottomettono alla giurisdizione dei tribunali della citt\u00e0 di Cordova (Spagna). Questa clausola di sottomissione espressa ai tribunali della citt\u00e0 di C\u00f3rdoba non sar\u00e0 applicabile ai casi di controversia con gli utenti del sito che, secondo la legislazione vigente, ricoprono lo status di <strong>consumatori,<\/strong> nel caso in cui entrambe le parti siano sottomesse alla <strong>giurisdizione dei Giudici e Tribunali della residenza del consumatore.<\/strong> Allo stesso modo, in questi casi, il fornitore e l&#8217;utente possono sottoporre i loro conflitti agli arbitrati previsti dalla legislazione sull&#8217;arbitrato e sulla difesa dei consumatori e degli utenti, nonch\u00e9 alle procedure di risoluzione extragiudiziale dei conflitti stabilite attraverso codici di condotta o altri strumenti di autoregolamentazione.<\/p>\n\n<p>Se non si \u00e8 d&#8217;accordo con i prodotti o servizi contrattuali e si \u00e8 un cliente appartenente all&#8217;Unione Europea, eccetto lo spagnolo, si pu\u00f2 accedere al seguente link per presentare il reclamo appropriato: <a href=\"http:\/\/ec.europa.eu\/consumers\/odr\/\">http:\/\/ec.europa.eu\/consumers\/odr\/<\/a><\/p>\n\n<div style=\"height:50px\" aria-hidden=\"true\" class=\"wp-block-spacer\"><\/div>\n","protected":false},"excerpt":{"rendered":"<p>Ortopedia Ortoespa\u00f1a S.L d&#8217;ora in poi TITOLARE, mette a disposizione degli utenti questo documento, con il quale pretende rispettare gli obblighi delle obbligazioni disposte nella Legge 34\/2002, del 11 di&#8230;<\/p>\n","protected":false},"author":1,"featured_media":0,"parent":0,"menu_order":0,"comment_status":"closed","ping_status":"closed","template":"template-basico.php","meta":{"pgc_sgb_lightbox_settings":"","footnotes":""},"acf":[],"yoast_head":"<!-- This site is optimized with the Yoast SEO plugin v21.5 - https:\/\/yoast.com\/wordpress\/plugins\/seo\/ -->\n<title>Avviso legale - Medical Mobility<\/title>\n<meta name=\"robots\" content=\"noindex, nofollow\" \/>\n<meta property=\"og:locale\" content=\"it_IT\" \/>\n<meta property=\"og:type\" content=\"article\" \/>\n<meta property=\"og:title\" content=\"Avviso legale - Medical Mobility\" \/>\n<meta property=\"og:description\" content=\"Ortopedia Ortoespa\u00f1a S.L d&#8217;ora in poi TITOLARE, mette a disposizione degli utenti questo documento, con il quale pretende rispettare gli obblighi delle obbligazioni disposte nella Legge 34\/2002, del 11 di...\" \/>\n<meta property=\"og:url\" content=\"https:\/\/medicalmobility.es\/it\/avviso-legale\/\" \/>\n<meta property=\"og:site_name\" content=\"Medical Mobility\" \/>\n<meta property=\"article:modified_time\" content=\"2023-11-02T10:54:53+00:00\" \/>\n<meta name=\"twitter:card\" content=\"summary_large_image\" \/>\n<meta name=\"twitter:label1\" content=\"Tempo di lettura stimato\" \/>\n\t<meta name=\"twitter:data1\" content=\"5 minuti\" \/>\n<script type=\"application\/ld+json\" class=\"yoast-schema-graph\">{\"@context\":\"https:\/\/schema.org\",\"@graph\":[{\"@type\":\"WebPage\",\"@id\":\"https:\/\/medicalmobility.es\/it\/avviso-legale\/\",\"url\":\"https:\/\/medicalmobility.es\/it\/avviso-legale\/\",\"name\":\"Avviso legale - Medical Mobility\",\"isPartOf\":{\"@id\":\"https:\/\/medicalmobility.es\/it\/#website\"},\"datePublished\":\"2023-11-02T10:54:52+00:00\",\"dateModified\":\"2023-11-02T10:54:53+00:00\",\"breadcrumb\":{\"@id\":\"https:\/\/medicalmobility.es\/it\/avviso-legale\/#breadcrumb\"},\"inLanguage\":\"it-IT\",\"potentialAction\":[{\"@type\":\"ReadAction\",\"target\":[\"https:\/\/medicalmobility.es\/it\/avviso-legale\/\"]}]},{\"@type\":\"BreadcrumbList\",\"@id\":\"https:\/\/medicalmobility.es\/it\/avviso-legale\/#breadcrumb\",\"itemListElement\":[{\"@type\":\"ListItem\",\"position\":1,\"name\":\"Portada\",\"item\":\"https:\/\/medicalmobility.es\/it\/\"},{\"@type\":\"ListItem\",\"position\":2,\"name\":\"Avviso legale\"}]},{\"@type\":\"WebSite\",\"@id\":\"https:\/\/medicalmobility.es\/it\/#website\",\"url\":\"https:\/\/medicalmobility.es\/it\/\",\"name\":\"Medical Mobility\",\"description\":\"Medical Mobility es una marca Espa\u00f1ola afincada en C\u00f3rdoba con mas de 20 a\u00f1os en la importaci\u00f3n y distribuci\u00f3n de productos de ortopedia.\",\"potentialAction\":[{\"@type\":\"SearchAction\",\"target\":{\"@type\":\"EntryPoint\",\"urlTemplate\":\"https:\/\/medicalmobility.es\/it\/?s={search_term_string}\"},\"query-input\":\"required name=search_term_string\"}],\"inLanguage\":\"it-IT\"}]}<\/script>\n<!-- \/ Yoast SEO plugin. -->","yoast_head_json":{"title":"Avviso legale - Medical Mobility","robots":{"index":"noindex","follow":"nofollow"},"og_locale":"it_IT","og_type":"article","og_title":"Avviso legale - Medical Mobility","og_description":"Ortopedia Ortoespa\u00f1a S.L d&#8217;ora in poi TITOLARE, mette a disposizione degli utenti questo documento, con il quale pretende rispettare gli obblighi delle obbligazioni disposte nella Legge 34\/2002, del 11 di...","og_url":"https:\/\/medicalmobility.es\/it\/avviso-legale\/","og_site_name":"Medical Mobility","article_modified_time":"2023-11-02T10:54:53+00:00","twitter_card":"summary_large_image","twitter_misc":{"Tempo di lettura stimato":"5 minuti"},"schema":{"@context":"https:\/\/schema.org","@graph":[{"@type":"WebPage","@id":"https:\/\/medicalmobility.es\/it\/avviso-legale\/","url":"https:\/\/medicalmobility.es\/it\/avviso-legale\/","name":"Avviso legale - Medical Mobility","isPartOf":{"@id":"https:\/\/medicalmobility.es\/it\/#website"},"datePublished":"2023-11-02T10:54:52+00:00","dateModified":"2023-11-02T10:54:53+00:00","breadcrumb":{"@id":"https:\/\/medicalmobility.es\/it\/avviso-legale\/#breadcrumb"},"inLanguage":"it-IT","potentialAction":[{"@type":"ReadAction","target":["https:\/\/medicalmobility.es\/it\/avviso-legale\/"]}]},{"@type":"BreadcrumbList","@id":"https:\/\/medicalmobility.es\/it\/avviso-legale\/#breadcrumb","itemListElement":[{"@type":"ListItem","position":1,"name":"Portada","item":"https:\/\/medicalmobility.es\/it\/"},{"@type":"ListItem","position":2,"name":"Avviso legale"}]},{"@type":"WebSite","@id":"https:\/\/medicalmobility.es\/it\/#website","url":"https:\/\/medicalmobility.es\/it\/","name":"Medical Mobility","description":"Medical Mobility es una marca Espa\u00f1ola afincada en C\u00f3rdoba con mas de 20 a\u00f1os en la importaci\u00f3n y distribuci\u00f3n de productos de ortopedia.","potentialAction":[{"@type":"SearchAction","target":{"@type":"EntryPoint","urlTemplate":"https:\/\/medicalmobility.es\/it\/?s={search_term_string}"},"query-input":"required name=search_term_string"}],"inLanguage":"it-IT"}]}},"_links":{"self":[{"href":"https:\/\/medicalmobility.es\/it\/wp-json\/wp\/v2\/pages\/4157"}],"collection":[{"href":"https:\/\/medicalmobility.es\/it\/wp-json\/wp\/v2\/pages"}],"about":[{"href":"https:\/\/medicalmobility.es\/it\/wp-json\/wp\/v2\/types\/page"}],"author":[{"embeddable":true,"href":"https:\/\/medicalmobility.es\/it\/wp-json\/wp\/v2\/users\/1"}],"replies":[{"embeddable":true,"href":"https:\/\/medicalmobility.es\/it\/wp-json\/wp\/v2\/comments?post=4157"}],"version-history":[{"count":1,"href":"https:\/\/medicalmobility.es\/it\/wp-json\/wp\/v2\/pages\/4157\/revisions"}],"predecessor-version":[{"id":4158,"href":"https:\/\/medicalmobility.es\/it\/wp-json\/wp\/v2\/pages\/4157\/revisions\/4158"}],"wp:attachment":[{"href":"https:\/\/medicalmobility.es\/it\/wp-json\/wp\/v2\/media?parent=4157"}],"curies":[{"name":"wp","href":"https:\/\/api.w.org\/{rel}","templated":true}]}}