{"id":4155,"date":"2023-10-31T11:42:50","date_gmt":"2023-10-31T10:42:50","guid":{"rendered":"https:\/\/medicalmobility.demos-idento.es\/inicio\/"},"modified":"2023-11-20T17:16:10","modified_gmt":"2023-11-20T16:16:10","slug":"inicio","status":"publish","type":"page","link":"https:\/\/medicalmobility.es\/it\/","title":{"rendered":"Inicio"},"content":{"rendered":"\n<section id=\"cabecera-home-block_74a5768a205573cc7a2f56a28b9aaab5\" class=\"cabecera-home hero\" style=\"background: url(https:\/\/medicalmobility.es\/wp-content\/uploads\/img-hero-4.jpg) no-repeat;\">\n    <div class=\"container\">\n        <div class=\"row\">\n            <div class=\"overlay col-lg-7\">\n                \n                                <p class=\"pretitulo\">Nuova gamma di <\/pretitulo>\n                                <h2>Scooter e carrozzine ORTOPEDICHE<\/h2>\n                                <p class=\"slogan\">Omologati e certificati CE<\/p>\n                                 \n                                <a href=\"https:\/\/medicalmobility.es\/it\/carrozzina-elettrica-pieghevole-firenze\/\" class=\"cta-button\">Maggiori informazioni<\/a>    \n                 \n            <\/div>\n        <\/div>\n    <\/div>\n<\/section>\n\n\n\n\n<section id=\"slogan-boxblock_540bce92124d81f8ecc39a26d3297a0d\" class=\"slogan-box\">\n    <div class=\"container\">        \n        <div class=\"row alineacion flex-row-reverse\">\n                        <div class=\"col-12 col-md-8 col-lg-7 background-grey\">\n                <div class=\"row\">   \n                    <div class=\"col-md-12 col-lg-10 offset-lg-1 text-team\">\n                        <p>Medical Mobility \u00e8 una marca spagnola con sede a Cordova con pi\u00f9 di 20 anni di esprienza nell&#8217;importazione e distribuzione di prodotti di ortopedia.<\/p>\n                    <\/div>\n                <\/div>\n            <\/div>\n            \n                        <div class=\"col-12 col-md-4 col-lg-5 foto\">\n                    <img decoding=\"async\" class=\"img-sobre \" src=\"https:\/\/medicalmobility.es\/wp-content\/uploads\/img-logo-home.svg\" alt=\"\" \/>\n            <\/div>\n                    <\/div>\n    <\/div>\n\n<\/section>\n\n    \n\n\n<section id=\"puntos-fuertes-block_f200c13088e1af0a2b2b82e9f9aea4e2\" class=\"puntos-fuertes\">\n    <div class=\"bullet container\">\n        <div class=\"row align-items-start position-relative\">\n            <div class=\"col-lg-12\">\n                <div class=\"row\">\n                                        <div class=\"col-md-6 col-lg-3 p-0\">\n                        <div class=\"cuadrado\">\n                            <img decoding=\"async\" src=\"https:\/\/medicalmobility.es\/wp-content\/uploads\/icono-scooter.svg\" alt=\"\" \/>\n                            <span class=\"h2\">IL TUO SCOOTER IN 3-7 GIORNI<\/span>\n                            <span>Disponiamo di magazzino proprio per cui possiamo spedire in tempi brevi.\n<\/span>\n                        <\/div>\n                    <\/div>    \n                                        <div class=\"col-md-6 col-lg-3 p-0\">\n                        <div class=\"cuadrado\">\n                            <img decoding=\"async\" src=\"https:\/\/medicalmobility.es\/wp-content\/uploads\/icono-homologados.svg\" alt=\"\" \/>\n                            <span class=\"h2\">OMOLOGATI E CERTIFICATI<\/span>\n                            <span>Tutti i nostri prodotti sono omologati e certificati con marchio CE.\n<\/span>\n                        <\/div>\n                    <\/div>    \n                                        <div class=\"col-md-6 col-lg-3 p-0\">\n                        <div class=\"cuadrado\">\n                            <img decoding=\"async\" src=\"https:\/\/medicalmobility.es\/wp-content\/uploads\/icono-garantia.svg\" alt=\"\" \/>\n                            <span class=\"h2\">GARANZIA DI 2 ANNI<\/span>\n                            <span>Tutti i nostri prodotti hanno una garanzia di 2 anni.\n<\/span>\n                        <\/div>\n                    <\/div>    \n                                        <div class=\"col-md-6 col-lg-3 p-0\">\n                        <div class=\"cuadrado\">\n                            <img decoding=\"async\" src=\"https:\/\/medicalmobility.es\/wp-content\/uploads\/icono-calidad.svg\" alt=\"\" \/>\n                            <span class=\"h2\">QUALIT\u00c0 E PREZZI ECONOMICI<\/span>\n                            <span>Prezzi competitivi senza perdere la qualit\u00e0 dei nostri prodotti.<\/span>\n                        <\/div>\n                    <\/div>    \n                        \n                <\/div>\n            <\/div>  \n        <\/div>\n    <\/div>\n<\/section>\n\n    \n\n\n<section id=\"productos-block_807f9c55a01a7d9f5a4548870e523a35\" class=\"productos\">\n    <div class=\"container\">\n        <div class=\"row alineacion position-relative flex-row bloque-texto\">\n             <div class=\"col-12 col-md-12\">\n                        <p class=\"pretitulo\">Catalogo<\/p>\n                        <h3>Gamma di scooter e carrozzine elettriche<\/h3>\n              <div class=\"contenido\">          \n                <p>                   Con la nuova gamma di scooter e carrozzine elettriche, offriamo un prezzo economico senza lasciare da parte la qualit\u00e0 nella fabbricazione dei nostri prodotti.    \n                       \n                <\/p>\n            <\/div>\n\n            <\/div>\n \n        <\/div>\n        <div class=\"col-12 blog-loop\">\n            <div class=\"row column\">\n                                <div class=\"col-md-6 col-lg-4 card-producto\">\n                    <article id=\"post-4166\" class=\"card post-4166 productos type-productos status-publish has-post-thumbnail hentry category-productos-3\" >\n                        <img decoding=\"async\" src=\"https:\/\/medicalmobility.es\/wp-content\/uploads\/img-producto.svg\" class=\"attachment-4166 size-4166 wp-post-image\" alt=\"\" \/>                        <div class=\"card-body\">\n                            <div class=\"contenido-texto\">\n                                <h4 class=\"card-title\">Carrozzina elettrica pieghevole Firenze<\/h4>\n                                <div class=\"back-card d-md-flex\"><!-- d-none d-md-block -->\n                                    <p>La nostra carrozzina elettrica pieghevole Firenze si caratterizza per la leggerezza e la robustezza<\/p>\n                                <\/div>\n\n                                 <a href=\"https:\/\/medicalmobility.es\/it\/carrozzina-elettrica-pieghevole-firenze\/\" class=\"cta-button\">\n\t\t\t\t\t\t\t\t\t Maggiori informazioni<!-- d-md-block d-lg-none -->\n                                <\/a>\n                            <\/div>\n                            \n                        <\/div>\n                    <\/article>\n                <\/div>\n                                <div class=\"col-md-6 col-lg-4 card-producto\">\n                    <article id=\"post-4165\" class=\"card post-4165 productos type-productos status-publish has-post-thumbnail hentry category-productos-3\" >\n                        <img decoding=\"async\" src=\"https:\/\/medicalmobility.es\/wp-content\/uploads\/img-destacado-scooter-milano.svg\" class=\"attachment-4165 size-4165 wp-post-image\" alt=\"\" \/>                        <div class=\"card-body\">\n                            <div class=\"contenido-texto\">\n                                <h4 class=\"card-title\">Scooter pieghevole Milano<\/h4>\n                                <div class=\"back-card d-md-flex\"><!-- d-none d-md-block -->\n                                    <p>Lo scooter Milano si caratterizza per la facilit\u00e0 nel momento in cui vogliamo smontarlo per poterlo trasportare.<\/p>\n                                <\/div>\n\n                                 <a href=\"https:\/\/medicalmobility.es\/it\/scooter-pieghevole-milano\/\" class=\"cta-button\">\n\t\t\t\t\t\t\t\t\t Maggiori informazioni<!-- d-md-block d-lg-none -->\n                                <\/a>\n                            <\/div>\n                            \n                        <\/div>\n                    <\/article>\n                <\/div>\n                            \n            <\/div>\n        <\/div>\n        \n    <\/div>\n<\/section>\n\n    \n\n\n<section id=\"wising-block_8ec7e0c41b0356642dc753fdaa14e706\" class=\"wising aviso\">\n    <div class=\"container\">\n        <div class=\"row\">\n            <div class=\"col-12\">\n               <p style=\"text-align: center;\"><strong>Sei interessato?<\/strong> Se hai qualche dubbio, contattaci attraverso il nostro <a href=\"https:\/\/medicalmobility.es\/it\/contatto\/\"><strong>modulo di contatto.<\/strong><\/a><br \/>\n<strong>Ti chiameremo il prima possibile!<\/strong><\/p>\n            <\/div>\n        <\/div>\n    <\/div>\n<\/section>\n\n\n\n<section id=\"producto-destacado-block_26146a496ec6d66c010f3674f42506ae\" class=\"producto-destacado\">\n    <div class=\"container\">        \n        <div class=\"row position-relative flex-row box-destacado\">\n            <div class=\"col-12 col-md-12 col-lg-5 background-grey\">\n                <div class=\"row\">   \n                    <div class=\"col-md-10 col-lg-12 offset-lg-1 text-team\">\n                                                    <p class=\"pretitulo\">Novit\u00e0<\/pretitulo>\n                                                    <h3 class=\"text-left\">Carrozzina elettrica pieghevole Firenze<\/h3>\n                                                    <hp class=\"contenido\"><p>La nostra carrozzina elettrica pieghevole modello Firenze si caratterizza per essere molto leggera e robusta, pesa solo 27kg (senza batterie) ed \u00e8 adatta per sopportare una portata di 135kg.<\/p>\n<\/p>  \n                         \n                                                    <a href=\"https:\/\/medicalmobility.es\/it\/carrozzina-elettrica-pieghevole-firenze\/\" class=\"cta-button\">Maggiori informazioni<\/a>    \n                         \n                    <\/div>\n                <\/div>\n            <\/div>\n           \n\n                        <div class=\"col-12 col-md-12 col-lg-7 foto\">\n                    <img decoding=\"async\" class=\"img-sobre \" src=\"https:\/\/medicalmobility.es\/wp-content\/uploads\/img-producto-destacado.svg\" alt=\"\" \/>\n            <\/div>\n                    <\/div>\n    <\/div>\n\n<\/section>\n\n    ","protected":false},"excerpt":{"rendered":"","protected":false},"author":1,"featured_media":0,"parent":0,"menu_order":0,"comment_status":"closed","ping_status":"closed","template":"","meta":{"pgc_sgb_lightbox_settings":"","footnotes":""},"acf":[],"yoast_head":"<!-- This site is optimized with the Yoast SEO plugin v21.5 - https:\/\/yoast.com\/wordpress\/plugins\/seo\/ -->\n<title>\u25b7 Inicio<\/title>\n<meta name=\"robots\" content=\"index, follow, max-snippet:-1, max-image-preview:large, max-video-preview:-1\" \/>\n<link rel=\"canonical\" href=\"https:\/\/medicalmobility.es\/it\/\" \/>\n<meta property=\"og:locale\" content=\"it_IT\" \/>\n<meta property=\"og:type\" content=\"article\" \/>\n<meta property=\"og:title\" content=\"\u25b7 Inicio\" \/>\n<meta property=\"og:url\" content=\"https:\/\/medicalmobility.es\/it\/\" \/>\n<meta property=\"og:site_name\" content=\"Medical Mobility\" \/>\n<meta property=\"article:modified_time\" content=\"2023-11-20T16:16:10+00:00\" \/>\n<meta name=\"twitter:card\" content=\"summary_large_image\" \/>\n<script type=\"application\/ld+json\" class=\"yoast-schema-graph\">{\"@context\":\"https:\/\/schema.org\",\"@graph\":[{\"@type\":\"WebPage\",\"@id\":\"https:\/\/medicalmobility.es\/it\/\",\"url\":\"https:\/\/medicalmobility.es\/it\/\",\"name\":\"\u25b7 Inicio\",\"isPartOf\":{\"@id\":\"https:\/\/medicalmobility.es\/it\/#website\"},\"datePublished\":\"2023-10-31T10:42:50+00:00\",\"dateModified\":\"2023-11-20T16:16:10+00:00\",\"breadcrumb\":{\"@id\":\"https:\/\/medicalmobility.es\/it\/#breadcrumb\"},\"inLanguage\":\"it-IT\",\"potentialAction\":[{\"@type\":\"ReadAction\",\"target\":[\"https:\/\/medicalmobility.es\/it\/\"]}]},{\"@type\":\"BreadcrumbList\",\"@id\":\"https:\/\/medicalmobility.es\/it\/#breadcrumb\",\"itemListElement\":[{\"@type\":\"ListItem\",\"position\":1,\"name\":\"Portada\",\"item\":\"https:\/\/medicalmobility.es\/it\/\"},{\"@type\":\"ListItem\",\"position\":2,\"name\":\"Inicio\"}]},{\"@type\":\"WebSite\",\"@id\":\"https:\/\/medicalmobility.es\/it\/#website\",\"url\":\"https:\/\/medicalmobility.es\/it\/\",\"name\":\"Medical Mobility\",\"description\":\"Medical Mobility es una marca Espa\u00f1ola afincada en C\u00f3rdoba con mas de 20 a\u00f1os en la importaci\u00f3n y distribuci\u00f3n de productos de ortopedia.\",\"potentialAction\":[{\"@type\":\"SearchAction\",\"target\":{\"@type\":\"EntryPoint\",\"urlTemplate\":\"https:\/\/medicalmobility.es\/it\/?s={search_term_string}\"},\"query-input\":\"required name=search_term_string\"}],\"inLanguage\":\"it-IT\"}]}<\/script>\n<!-- \/ Yoast SEO plugin. -->","yoast_head_json":{"title":"\u25b7 Inicio","robots":{"index":"index","follow":"follow","max-snippet":"max-snippet:-1","max-image-preview":"max-image-preview:large","max-video-preview":"max-video-preview:-1"},"canonical":"https:\/\/medicalmobility.es\/it\/","og_locale":"it_IT","og_type":"article","og_title":"\u25b7 Inicio","og_url":"https:\/\/medicalmobility.es\/it\/","og_site_name":"Medical Mobility","article_modified_time":"2023-11-20T16:16:10+00:00","twitter_card":"summary_large_image","schema":{"@context":"https:\/\/schema.org","@graph":[{"@type":"WebPage","@id":"https:\/\/medicalmobility.es\/it\/","url":"https:\/\/medicalmobility.es\/it\/","name":"\u25b7 Inicio","isPartOf":{"@id":"https:\/\/medicalmobility.es\/it\/#website"},"datePublished":"2023-10-31T10:42:50+00:00","dateModified":"2023-11-20T16:16:10+00:00","breadcrumb":{"@id":"https:\/\/medicalmobility.es\/it\/#breadcrumb"},"inLanguage":"it-IT","potentialAction":[{"@type":"ReadAction","target":["https:\/\/medicalmobility.es\/it\/"]}]},{"@type":"BreadcrumbList","@id":"https:\/\/medicalmobility.es\/it\/#breadcrumb","itemListElement":[{"@type":"ListItem","position":1,"name":"Portada","item":"https:\/\/medicalmobility.es\/it\/"},{"@type":"ListItem","position":2,"name":"Inicio"}]},{"@type":"WebSite","@id":"https:\/\/medicalmobility.es\/it\/#website","url":"https:\/\/medicalmobility.es\/it\/","name":"Medical Mobility","description":"Medical Mobility es una marca Espa\u00f1ola afincada en C\u00f3rdoba con mas de 20 a\u00f1os en la importaci\u00f3n y distribuci\u00f3n de productos de ortopedia.","potentialAction":[{"@type":"SearchAction","target":{"@type":"EntryPoint","urlTemplate":"https:\/\/medicalmobility.es\/it\/?s={search_term_string}"},"query-input":"required name=search_term_string"}],"inLanguage":"it-IT"}]}},"_links":{"self":[{"href":"https:\/\/medicalmobility.es\/it\/wp-json\/wp\/v2\/pages\/4155"}],"collection":[{"href":"https:\/\/medicalmobility.es\/it\/wp-json\/wp\/v2\/pages"}],"about":[{"href":"https:\/\/medicalmobility.es\/it\/wp-json\/wp\/v2\/types\/page"}],"author":[{"embeddable":true,"href":"https:\/\/medicalmobility.es\/it\/wp-json\/wp\/v2\/users\/1"}],"replies":[{"embeddable":true,"href":"https:\/\/medicalmobility.es\/it\/wp-json\/wp\/v2\/comments?post=4155"}],"version-history":[{"count":4,"href":"https:\/\/medicalmobility.es\/it\/wp-json\/wp\/v2\/pages\/4155\/revisions"}],"predecessor-version":[{"id":4231,"href":"https:\/\/medicalmobility.es\/it\/wp-json\/wp\/v2\/pages\/4155\/revisions\/4231"}],"wp:attachment":[{"href":"https:\/\/medicalmobility.es\/it\/wp-json\/wp\/v2\/media?parent=4155"}],"curies":[{"name":"wp","href":"https:\/\/api.w.org\/{rel}","templated":true}]}}