{"id":4153,"date":"2023-10-31T11:29:22","date_gmt":"2023-10-31T10:29:22","guid":{"rendered":"https:\/\/medicalmobility.demos-idento.es\/politica-di-privacy-del-modulo-di-contatto\/"},"modified":"2023-10-31T11:29:23","modified_gmt":"2023-10-31T10:29:23","slug":"politica-di-privacy-del-modulo-di-contatto","status":"publish","type":"page","link":"https:\/\/medicalmobility.es\/it\/politica-di-privacy-del-modulo-di-contatto\/","title":{"rendered":"Politica di privacy del modulo di contatto"},"content":{"rendered":"\n<p><strong>Ortopedia Ortoespa\u00f1a S.L,<\/strong> \u00e8 il responsabile del trattamento dei dati personali dell&#8217;Utente, per cui si facilita la seguente informazione di trattamento:<\/p>\n\n<ul>\n<li>Scopo del trattamento: dare risposta alle diverse consulte in relazione ai nostri servizi e prodotti. Compilando questo modulo ci autorizza a metterci in contatto con lei attravero il telefono o per email. Compilando questo questionario non ci autorizza a realizzare chiamate commerciali n\u00e9 inviarle pubblicit\u00e0, a meno che non ci dia il suo consenso esplicito o non sia un nostro cliente.<\/li>\n\n\n\n<li>Legittimazione: si basa nel consenso che viene richiesto tramite la casella di accettazione.<\/li>\n\n\n\n<li>Criteri di conservazione dei dati: saranno conservati finch\u00e9 sussista un interesse reciproco a mantenere la finalit\u00e0 del trattamento e quando non sar\u00e0 pi\u00f9 necessario a tale scopo, saranno cancellati con misure di sicurezza adeguate a garantire la pseudonimizzazione dei dati.<\/li>\n\n\n\n<li>Destinatari: non verranno ceduti a terzi<\/li>\n\n\n\n<li>Diritti dell&#8217;Utente:<\/li>\n<\/ul>\n\n<div style=\"height:30px\" aria-hidden=\"true\" class=\"wp-block-spacer\"><\/div>\n\n<p>a) Diritto a revocare il consenso in ogni momento Diritto di opposizione e portabilit\u00e0 dei dati personali. Diritto di accesso, rettifica e cancellazione dei suoi dati e la limitazione o opposizione al loro trattamento.<\/p>\n\n<p>b) Diritto a presentare una reclamazione all&#8217;Autorit\u00e0 di controllo se non \u00e8 rimasto soddisfatto dell&#8217;esercizio dei suoi diritti, in questo caso, all&#8217;Agenzia Spagnola di protezione di dati: https:\/\/www.aepd.es\/<\/p>\n\n<p>Pu\u00f2 esercitare questi diritti attraverso l&#8217;invio di un&#8217;email o di posta ordinaria, entrambi con fotocopia del documento d&#8217;identit\u00e0 del titolare in allegato o in aggiunta:<\/p>\n\n<p>Responsabile del trattamento<strong>:<\/strong> Ortopedia Ortoespa\u00f1a S.L<\/p>\n\n<ul>\n<li>Indirizzo: C\/Alcalde Sanz Noguer N\u00ba5, CP: 14005, C\u00f3rdoba (Espa\u00f1a).<\/li>\n\n\n\n<li>Indirizzo di posta elettronica: <a href=\"mailto:info@medicalmobility.com\">info@medicalmobility.com<\/a><\/li>\n<\/ul>\n\n<p>Se lo desidera pu\u00f2 visualizzare la politica di privacy della nostra impresa in maniera completa al seguente link: <a href=\"https:\/\/medicalmobility.demos-idento.es\/it\/politica-di-privacy-generale\/\"><u>http:\/\/medicalmobility.es\/pol\u00edtica-de-privacidad<\/u><\/a><\/p>\n\n<div style=\"height:50px\" aria-hidden=\"true\" class=\"wp-block-spacer\"><\/div>\n","protected":false},"excerpt":{"rendered":"<p>Ortopedia Ortoespa\u00f1a S.L, \u00e8 il responsabile del trattamento dei dati personali dell&#8217;Utente, per cui si facilita la seguente informazione di trattamento: a) Diritto a revocare il consenso in ogni momento&#8230;<\/p>\n","protected":false},"author":1,"featured_media":0,"parent":0,"menu_order":0,"comment_status":"closed","ping_status":"closed","template":"template-basico.php","meta":{"pgc_sgb_lightbox_settings":"","footnotes":""},"acf":[],"yoast_head":"<!-- This site is optimized with the Yoast SEO plugin v21.5 - https:\/\/yoast.com\/wordpress\/plugins\/seo\/ -->\n<title>Politica di privacy del modulo di contatto - Medical Mobility<\/title>\n<meta name=\"robots\" content=\"noindex, follow\" \/>\n<meta property=\"og:locale\" content=\"it_IT\" \/>\n<meta property=\"og:type\" content=\"article\" \/>\n<meta property=\"og:title\" content=\"Politica di privacy del modulo di contatto - Medical Mobility\" \/>\n<meta property=\"og:description\" content=\"Ortopedia Ortoespa\u00f1a S.L, \u00e8 il responsabile del trattamento dei dati personali dell&#8217;Utente, per cui si facilita la seguente informazione di trattamento: a) Diritto a revocare il consenso in ogni momento...\" \/>\n<meta property=\"og:url\" content=\"https:\/\/medicalmobility.es\/it\/politica-di-privacy-del-modulo-di-contatto\/\" \/>\n<meta property=\"og:site_name\" content=\"Medical Mobility\" \/>\n<meta property=\"article:modified_time\" content=\"2023-10-31T10:29:23+00:00\" \/>\n<meta name=\"twitter:card\" content=\"summary_large_image\" \/>\n<meta name=\"twitter:label1\" content=\"Tempo di lettura stimato\" \/>\n\t<meta name=\"twitter:data1\" content=\"1 minuto\" \/>\n<script type=\"application\/ld+json\" class=\"yoast-schema-graph\">{\"@context\":\"https:\/\/schema.org\",\"@graph\":[{\"@type\":\"WebPage\",\"@id\":\"https:\/\/medicalmobility.es\/it\/politica-di-privacy-del-modulo-di-contatto\/\",\"url\":\"https:\/\/medicalmobility.es\/it\/politica-di-privacy-del-modulo-di-contatto\/\",\"name\":\"Politica di privacy del modulo di contatto - Medical Mobility\",\"isPartOf\":{\"@id\":\"https:\/\/medicalmobility.es\/it\/#website\"},\"datePublished\":\"2023-10-31T10:29:22+00:00\",\"dateModified\":\"2023-10-31T10:29:23+00:00\",\"breadcrumb\":{\"@id\":\"https:\/\/medicalmobility.es\/it\/politica-di-privacy-del-modulo-di-contatto\/#breadcrumb\"},\"inLanguage\":\"it-IT\",\"potentialAction\":[{\"@type\":\"ReadAction\",\"target\":[\"https:\/\/medicalmobility.es\/it\/politica-di-privacy-del-modulo-di-contatto\/\"]}]},{\"@type\":\"BreadcrumbList\",\"@id\":\"https:\/\/medicalmobility.es\/it\/politica-di-privacy-del-modulo-di-contatto\/#breadcrumb\",\"itemListElement\":[{\"@type\":\"ListItem\",\"position\":1,\"name\":\"Portada\",\"item\":\"https:\/\/medicalmobility.es\/it\/\"},{\"@type\":\"ListItem\",\"position\":2,\"name\":\"Politica di privacy del modulo di contatto\"}]},{\"@type\":\"WebSite\",\"@id\":\"https:\/\/medicalmobility.es\/it\/#website\",\"url\":\"https:\/\/medicalmobility.es\/it\/\",\"name\":\"Medical Mobility\",\"description\":\"Medical Mobility es una marca Espa\u00f1ola afincada en C\u00f3rdoba con mas de 20 a\u00f1os en la importaci\u00f3n y distribuci\u00f3n de productos de ortopedia.\",\"potentialAction\":[{\"@type\":\"SearchAction\",\"target\":{\"@type\":\"EntryPoint\",\"urlTemplate\":\"https:\/\/medicalmobility.es\/it\/?s={search_term_string}\"},\"query-input\":\"required name=search_term_string\"}],\"inLanguage\":\"it-IT\"}]}<\/script>\n<!-- \/ Yoast SEO plugin. -->","yoast_head_json":{"title":"Politica di privacy del modulo di contatto - Medical Mobility","robots":{"index":"noindex","follow":"follow"},"og_locale":"it_IT","og_type":"article","og_title":"Politica di privacy del modulo di contatto - Medical Mobility","og_description":"Ortopedia Ortoespa\u00f1a S.L, \u00e8 il responsabile del trattamento dei dati personali dell&#8217;Utente, per cui si facilita la seguente informazione di trattamento: a) Diritto a revocare il consenso in ogni momento...","og_url":"https:\/\/medicalmobility.es\/it\/politica-di-privacy-del-modulo-di-contatto\/","og_site_name":"Medical Mobility","article_modified_time":"2023-10-31T10:29:23+00:00","twitter_card":"summary_large_image","twitter_misc":{"Tempo di lettura stimato":"1 minuto"},"schema":{"@context":"https:\/\/schema.org","@graph":[{"@type":"WebPage","@id":"https:\/\/medicalmobility.es\/it\/politica-di-privacy-del-modulo-di-contatto\/","url":"https:\/\/medicalmobility.es\/it\/politica-di-privacy-del-modulo-di-contatto\/","name":"Politica di privacy del modulo di contatto - Medical Mobility","isPartOf":{"@id":"https:\/\/medicalmobility.es\/it\/#website"},"datePublished":"2023-10-31T10:29:22+00:00","dateModified":"2023-10-31T10:29:23+00:00","breadcrumb":{"@id":"https:\/\/medicalmobility.es\/it\/politica-di-privacy-del-modulo-di-contatto\/#breadcrumb"},"inLanguage":"it-IT","potentialAction":[{"@type":"ReadAction","target":["https:\/\/medicalmobility.es\/it\/politica-di-privacy-del-modulo-di-contatto\/"]}]},{"@type":"BreadcrumbList","@id":"https:\/\/medicalmobility.es\/it\/politica-di-privacy-del-modulo-di-contatto\/#breadcrumb","itemListElement":[{"@type":"ListItem","position":1,"name":"Portada","item":"https:\/\/medicalmobility.es\/it\/"},{"@type":"ListItem","position":2,"name":"Politica di privacy del modulo di contatto"}]},{"@type":"WebSite","@id":"https:\/\/medicalmobility.es\/it\/#website","url":"https:\/\/medicalmobility.es\/it\/","name":"Medical Mobility","description":"Medical Mobility es una marca Espa\u00f1ola afincada en C\u00f3rdoba con mas de 20 a\u00f1os en la importaci\u00f3n y distribuci\u00f3n de productos de ortopedia.","potentialAction":[{"@type":"SearchAction","target":{"@type":"EntryPoint","urlTemplate":"https:\/\/medicalmobility.es\/it\/?s={search_term_string}"},"query-input":"required name=search_term_string"}],"inLanguage":"it-IT"}]}},"_links":{"self":[{"href":"https:\/\/medicalmobility.es\/it\/wp-json\/wp\/v2\/pages\/4153"}],"collection":[{"href":"https:\/\/medicalmobility.es\/it\/wp-json\/wp\/v2\/pages"}],"about":[{"href":"https:\/\/medicalmobility.es\/it\/wp-json\/wp\/v2\/types\/page"}],"author":[{"embeddable":true,"href":"https:\/\/medicalmobility.es\/it\/wp-json\/wp\/v2\/users\/1"}],"replies":[{"embeddable":true,"href":"https:\/\/medicalmobility.es\/it\/wp-json\/wp\/v2\/comments?post=4153"}],"version-history":[{"count":1,"href":"https:\/\/medicalmobility.es\/it\/wp-json\/wp\/v2\/pages\/4153\/revisions"}],"predecessor-version":[{"id":4154,"href":"https:\/\/medicalmobility.es\/it\/wp-json\/wp\/v2\/pages\/4153\/revisions\/4154"}],"wp:attachment":[{"href":"https:\/\/medicalmobility.es\/it\/wp-json\/wp\/v2\/media?parent=4153"}],"curies":[{"name":"wp","href":"https:\/\/api.w.org\/{rel}","templated":true}]}}