{"id":4149,"date":"2023-10-30T14:03:01","date_gmt":"2023-10-30T13:03:01","guid":{"rendered":"https:\/\/medicalmobility.demos-idento.es\/politica-di-privacy-generale\/"},"modified":"2023-11-02T11:59:58","modified_gmt":"2023-11-02T10:59:58","slug":"politica-di-privacy-generale","status":"publish","type":"page","link":"https:\/\/medicalmobility.es\/it\/politica-di-privacy-generale\/","title":{"rendered":"Politica di privacy generale"},"content":{"rendered":"\n<p>In Medical Mobility \u00e8 importante la protezione della tua privacy. Vogliamo essere trasparenti sui dati che raccogliamo, con quale finalit\u00e0 si utilizzano le sue informazioni personali, come le otteniamo, perch\u00e8 lo facciamo, come le utilizziamo, la legittimazione al trattamento e i diritti di cui pu\u00f2 usufruire.<\/p>\n\n<p class=\"has-large-font-size\"><strong>1. Informazioni per l&#8217;utente<\/strong><\/p>\n\n<p>Ortopedia Ortoespa\u00f1a S.L, \u00e8 il responsabile del trattamento dei dati personali dell&#8217;Utente e la informa che questi dati saranno trattati in conformit\u00e0 con quanto disposto nel regolamento (UE) 2016\/679 del 27 di aprile del 2016 (RGPD) relativo alla protezione della persona fisica nella Legge Organica 3\/2018, del 5 di dicembre (LOPDGDD), in ci\u00f2 che fa riferimento al trattamento dei dati personali e alla libera circolazione di questi dati. Si facilita la seguente informazione del trattamento dei dati:<\/p>\n\n<div style=\"height:30px\" aria-hidden=\"true\" class=\"wp-block-spacer\"><\/div>\n\n<p><strong>Con che finalit\u00e0 trattiamo i suoi dati personali?<\/strong><\/p>\n\n<p>In Medical Mobility trattiamo i dati delle persone interessate nella gestione e sviluppo delle comunicazioni in relazione ai nostri servizi e prodotti. (contatto del cliente, soluzione di dubbi, etc.) tanto per soddisfare i servizi richiesti e portare avanti la nostra attivit\u00e0 commerciale. Alcuni utenti della web ci autorizzano a metterci in contatto con loro tramite telefono per risolvere dubbi o dare informazioni. Questo non ci autorizza a effettuare loro chiamate commerciali e nemmeno a inviare loro pubblicit\u00e0, a meno che non ci diano il consenso esplicito o che siano nostri clienti.<\/p>\n\n<div style=\"height:30px\" aria-hidden=\"true\" class=\"wp-block-spacer\"><\/div>\n\n<p><strong>Che tipo di dati trattiamo?<\/strong><\/p>\n\n<p>Oltre ai diversi mezzi per ottenere i dati citati anteriormente e alle diverse finalit\u00e0 di trattamento indicate, la informiamo che il tipo di dati che possiamo trattare nel nostro sistema di informazione sono:<\/p>\n\n<ul>\n<li>Dati identificativi<\/li>\n\n\n\n<li>Indirizzi di posta elettronica.<\/li>\n<\/ul>\n\n<div style=\"height:30px\" aria-hidden=\"true\" class=\"wp-block-spacer\"><\/div>\n\n<p><strong>Per quanto tempo conserviamo i suoi dati?<\/strong><\/p>\n\n<p>I dati personali si mantengono mentre si abbia una relazione con l&#8217;utente, sia come cliente o come persona interessata; mentre non si solleciti la rimozione o limitazione di questi; o mentre esista qualche previsione o esigenza legale di conservazione. In questi casi, manterremo l&#8217;informazione bloccata, senza darle uso, mentre possa essere necessaria per l&#8217;esercizio o la difesa in caso di reclamazioni o possa derivarne una responsabilit\u00e0 di tipo legale o contrattuale del trattamento, la quale deve essere soddisfatta e per la quale sia necessario recuperarla.<\/p>\n\n<p>Quando i dati non siano pi\u00f9 necessari per le finalit\u00e0 per cui furono raccolti saranno rimossi assicurando riservatezza.<\/p>\n\n<div style=\"height:30px\" aria-hidden=\"true\" class=\"wp-block-spacer\"><\/div>\n\n<p><strong>Qual&#8217;\u00e8 la legittimazione per il trattamento dei suoi dati?<\/strong><\/p>\n\n<p>Per il trattamento della sua informazione personale ci basiamo nella legittimazione per vari motivi:<\/p>\n\n<p>La base legale per il trattamento dei suoi dati personali \u00e8 la relazione mantenuta con lei sulla base del consenso espresso che, in questo caso, ci ha facilitato per i trattamenti come sono il formulario di contatto della pagina web e qualsiasi altro trattamento che implichi necessariamente la raccolta dei suoi dati personali, per il quale sar\u00e0 un requisito imprescindibile una chiara azione positiva da parte dell&#8217;interessato.<\/p>\n\n<div style=\"height:30px\" aria-hidden=\"true\" class=\"wp-block-spacer\"><\/div>\n\n<p><strong>A quali destinatari si comunicano i suoi dati?<\/strong><\/p>\n\n<p>In alcuni casi, \u00e8 necessario che accedano all&#8217;informazione proporzionata terze parti per poterle prestare il servizio richiesto. Per esempio, imprese che ci offrono una tipologia di servizio come pu\u00f2 essere: tecnologia dell&#8217;informazione (magazzinaggio e eleborazione dell&#8217;informazione).<\/p>\n\n<p>Queste terze parti solo hanno accesso all&#8217;informazione personale necessaria per portare a termine tali servizi. Esigiamo loro riservatezza e non possono utilizzare l&#8217;informazione in nessun altra forma diversa da quella che abbiamo richiesto.<\/p>\n\n<p>I dati degli interessati non saranno comunicati a terzi, salvo obbligo di legge a riguardo.<\/p>\n\n<div style=\"height:30px\" aria-hidden=\"true\" class=\"wp-block-spacer\"><\/div>\n\n<p><strong>Quali sono i suoi diritti quando ci proporziona e\/o trattiamo i suoi dati?<\/strong><\/p>\n\n<p>In qualit\u00e0 di interessato, potr\u00e0 richiedere in qualsiasi momento l&#8217;esercizio di uno qualsiasi dei seguenti diritti che la assistono in termini di protezione di dati:<\/p>\n\n<ul>\n<li><strong>Accedere ai suoi dati<\/strong>: ha diritto ad accedere ai suoi dati per conoscere quali dati personali stiamo trattando che la riguardano.<\/li>\n\n\n\n<li><strong>Richiedere la modifica o rimozione dei suoi dati.<\/strong>: in determinate circostanze, ha diritto a rettificare quei dati personali che considera errati e che la riguardano, che siano oggetto di trattamento da parte delle entit\u00e0, cos\u00ec come ha dititto a richiedere la rimozione dei suoi dati quando, tra vari motivi, i dati non siano necessari per gli scopi per cui furono raccolti.<\/li>\n\n\n\n<li><strong>Richiedere la limitazione del trattamento dei suoi dati<\/strong>: in alcuni casi avr\u00e0 diritto a sollecitare la limitazione del trattamento dei suoi dati , in questo caso la informiamo che solo conserviamo i dati sui quali ci ha richiesto la limitazione nel trattamento per l&#8217;esercizio o la difesa in caso di reclamazioni.<\/li>\n\n\n\n<li><strong>Alla portabilit\u00e0 dei suoi dati<\/strong>: in determinate circostanze, avr\u00e0 diritto a ricevere i dati personali, che le interessino e che ci ha fatto avere, in un formato strutturato di uso comune e lettura meccanica, cos\u00ec come a che siano trasmessi dalla nostra impresa a un altro responsabile del trattamento.<\/li>\n\n\n\n<li><strong>Opporsi al trattamento dei suoi dati<\/strong>: in determinate circostanze e per motivi relazionati con la sua situzione particolare, avr\u00e0 diritto a opporsi al trattamento dei suoi dati. In questo caso, smetteremmo di trattarli salvo che dovessimo continuare a farlo per validi motivi legittimi o per l&#8217;esercizio o la difesa a possibili reclami.<\/li>\n\n\n\n<li>Diritto a presentare una reclamazione all&#8217;Autorit\u00e0 di controllo se non \u00e8 soddisfatto dell&#8217;esercizio dei suoi diritti, in questo caso, all&#8217;Agenzia Spagnola di protezione dei dati <a href=\"http:\/\/www.aepd.es\/\">http:\/\/www.aepd.es<\/a><\/li>\n<\/ul>\n\n<p>La informiamo che potr\u00e0 esercitare i suoi diritti sui dati personali di suoi interesse tramite le seguenti modalit\u00e0:<\/p>\n\n<p>Responsabile del trattamento: Ortopedia Ortoespa\u00f1a S.L<\/p>\n\n<ul>\n<li>Indirizzo: Calle Alcalde Sanz Noguer, 5 Bajo, 14005 C\u00f3rdoba (Espa\u00f1a).<\/li>\n\n\n\n<li>Indirizzo elettronico: <a href=\"mailto:info@medicalmobility.com\">info@medicalmobility.com<\/a><\/li>\n<\/ul>\n\n<div style=\"height:30px\" aria-hidden=\"true\" class=\"wp-block-spacer\"><\/div>\n\n<p><strong>Invio di comunicazioni o informazioni<\/strong><\/p>\n\n<p>La nostra politica rispetto all&#8217;invio di informazioni per via telematica (mail, messaggi istantanei, etc.), si limita a inviare unicamente comunicazioni che consideriamo interessanti per i nostri clienti, in relazione con le funzioni e l&#8217;attivit\u00e0 dell&#8217;impresa, o che lei abbia consentito di ricevere.<\/p>\n\n<p>Se preferisce non ricevere questi messaggi, le offriamo tramite questi la possibilit\u00e0 di esercitare il suo diritto di cancellare e rinunciare alla ricezione di questi, secondo quanto disposto nel T\u00edtulo III, art\u00edculo 22 de la Ley 34\/2002 de Servicios para la Sociedad de la Informaci\u00f3n y de Comercio Electr\u00f3nico.<\/p>\n\n<div style=\"height:30px\" aria-hidden=\"true\" class=\"wp-block-spacer\"><\/div>\n\n<p><strong>Misure di sicurezza<\/strong><\/p>\n\n<p>Utilizziamo le misure tecniche e organizzative adeguate, con l&#8217;obiettivo di proteggere la sua informazione persoanle e la sua privacy, controlliamo queste misure continuamente.<\/p>\n\n<p>Per proteggere la sua informazione personale usiamo una combinazione di controlli di sicurezza sia fisici che informatici oltre a controlli di accesso che limitano e amministrano la forma in cui le sue informazioni personali e i suoi dati vengono processati e gestiti. Inoltre ci assicuriamo che i nostri dipendenti siano idonei al trattamento delle sue informazioni personali.<\/p>\n\n<p>Le transazione commerciali sono realizzate tramite un servidor sicuro, con protocollo SSL (Secure Socket Layer).<\/p>\n\n<div style=\"height:30px\" aria-hidden=\"true\" class=\"wp-block-spacer\"><\/div>\n\n<p><strong>Dati dei minori<\/strong><\/p>\n\n<p> Se scopriamo che abbiamo ricevuto inaspettatamente informazione personale riguardante un minore, eliminaremo questa informazione il prima possibile.<\/p>\n\n<div style=\"height:50px\" aria-hidden=\"true\" class=\"wp-block-spacer\"><\/div>\n\n<p class=\"has-large-font-size\"><strong>2. CARATTERE OBBLIGATORIO O FACOLTATIVO DELL&#8217;INFORMAZIONE FACILITATA DALL&#8217;UTENTE.<\/strong><\/p>\n\n<p>Gli Utenti, selezionando le caselle corrispondenti e copilando i dati del formulario di contatto o presenti nei moduli di download, accettano espressamente, in completa libert\u00e0 e inequivocabilmente che i loro dati sono necessari per soddisfare le loro richieste da parte del fornitore, essendo volontaria l&#8217;aggiunta di dati negli spazi restanti.<\/p>\n\n<p>L&#8217;utente \u00e8 responsabile che i dati che fornisce sono reali, esatti, completi e aggiornati, essendo responsabile per eventuali danni o perdite, diretti o indiretti, che possano essere causate come conseguenza del mancato rispetto di tale obbligo.<\/p>\n\n<p>Nel caso in cui l&#8217;utente fornisca dati di una terza persona, garantisce che ha informato questa terza persona della totalit\u00e0 degli aspetti contenuti in questa Politica della Privacy e ha ottenuto il consenso di quest&#8217;ultima per facilitare i suoi dati per la finalit\u00e0 del trattamento in questione. Tutto ci\u00f2, precendente alla fornitura dei dati della terza persona.<\/p>\n\n<p>Nel caso in cui i dati non fossero facilitati correttamente, non si garantisce che l&#8217;informazione e i servizi facilitati soddisfino completamente le sue necessit\u00e0.<\/p>\n\n<div style=\"height:50px\" aria-hidden=\"true\" class=\"wp-block-spacer\"><\/div>\n","protected":false},"excerpt":{"rendered":"<p>In Medical Mobility \u00e8 importante la protezione della tua privacy. Vogliamo essere trasparenti sui dati che raccogliamo, con quale finalit\u00e0 si utilizzano le sue informazioni personali, come le otteniamo, perch\u00e8&#8230;<\/p>\n","protected":false},"author":1,"featured_media":0,"parent":0,"menu_order":0,"comment_status":"closed","ping_status":"closed","template":"template-basico.php","meta":{"pgc_sgb_lightbox_settings":"","footnotes":""},"acf":[],"yoast_head":"<!-- This site is optimized with the Yoast SEO plugin v21.5 - https:\/\/yoast.com\/wordpress\/plugins\/seo\/ -->\n<title>Politica di privacy generale - Medical Mobility<\/title>\n<meta name=\"robots\" content=\"noindex, follow\" \/>\n<meta property=\"og:locale\" content=\"it_IT\" \/>\n<meta property=\"og:type\" content=\"article\" \/>\n<meta property=\"og:title\" content=\"Politica di privacy generale - Medical Mobility\" \/>\n<meta property=\"og:description\" content=\"In Medical Mobility \u00e8 importante la protezione della tua privacy. Vogliamo essere trasparenti sui dati che raccogliamo, con quale finalit\u00e0 si utilizzano le sue informazioni personali, come le otteniamo, perch\u00e8...\" \/>\n<meta property=\"og:url\" content=\"https:\/\/medicalmobility.es\/it\/politica-di-privacy-generale\/\" \/>\n<meta property=\"og:site_name\" content=\"Medical Mobility\" \/>\n<meta property=\"article:modified_time\" content=\"2023-11-02T10:59:58+00:00\" \/>\n<meta name=\"twitter:card\" content=\"summary_large_image\" \/>\n<meta name=\"twitter:label1\" content=\"Tempo di lettura stimato\" \/>\n\t<meta name=\"twitter:data1\" content=\"6 minuti\" \/>\n<script type=\"application\/ld+json\" class=\"yoast-schema-graph\">{\"@context\":\"https:\/\/schema.org\",\"@graph\":[{\"@type\":\"WebPage\",\"@id\":\"https:\/\/medicalmobility.es\/it\/politica-di-privacy-generale\/\",\"url\":\"https:\/\/medicalmobility.es\/it\/politica-di-privacy-generale\/\",\"name\":\"Politica di privacy generale - Medical Mobility\",\"isPartOf\":{\"@id\":\"https:\/\/medicalmobility.es\/it\/#website\"},\"datePublished\":\"2023-10-30T13:03:01+00:00\",\"dateModified\":\"2023-11-02T10:59:58+00:00\",\"breadcrumb\":{\"@id\":\"https:\/\/medicalmobility.es\/it\/politica-di-privacy-generale\/#breadcrumb\"},\"inLanguage\":\"it-IT\",\"potentialAction\":[{\"@type\":\"ReadAction\",\"target\":[\"https:\/\/medicalmobility.es\/it\/politica-di-privacy-generale\/\"]}]},{\"@type\":\"BreadcrumbList\",\"@id\":\"https:\/\/medicalmobility.es\/it\/politica-di-privacy-generale\/#breadcrumb\",\"itemListElement\":[{\"@type\":\"ListItem\",\"position\":1,\"name\":\"Portada\",\"item\":\"https:\/\/medicalmobility.es\/it\/\"},{\"@type\":\"ListItem\",\"position\":2,\"name\":\"Politica di privacy generale\"}]},{\"@type\":\"WebSite\",\"@id\":\"https:\/\/medicalmobility.es\/it\/#website\",\"url\":\"https:\/\/medicalmobility.es\/it\/\",\"name\":\"Medical Mobility\",\"description\":\"Medical Mobility es una marca Espa\u00f1ola afincada en C\u00f3rdoba con mas de 20 a\u00f1os en la importaci\u00f3n y distribuci\u00f3n de productos de ortopedia.\",\"potentialAction\":[{\"@type\":\"SearchAction\",\"target\":{\"@type\":\"EntryPoint\",\"urlTemplate\":\"https:\/\/medicalmobility.es\/it\/?s={search_term_string}\"},\"query-input\":\"required name=search_term_string\"}],\"inLanguage\":\"it-IT\"}]}<\/script>\n<!-- \/ Yoast SEO plugin. -->","yoast_head_json":{"title":"Politica di privacy generale - Medical Mobility","robots":{"index":"noindex","follow":"follow"},"og_locale":"it_IT","og_type":"article","og_title":"Politica di privacy generale - Medical Mobility","og_description":"In Medical Mobility \u00e8 importante la protezione della tua privacy. Vogliamo essere trasparenti sui dati che raccogliamo, con quale finalit\u00e0 si utilizzano le sue informazioni personali, come le otteniamo, perch\u00e8...","og_url":"https:\/\/medicalmobility.es\/it\/politica-di-privacy-generale\/","og_site_name":"Medical Mobility","article_modified_time":"2023-11-02T10:59:58+00:00","twitter_card":"summary_large_image","twitter_misc":{"Tempo di lettura stimato":"6 minuti"},"schema":{"@context":"https:\/\/schema.org","@graph":[{"@type":"WebPage","@id":"https:\/\/medicalmobility.es\/it\/politica-di-privacy-generale\/","url":"https:\/\/medicalmobility.es\/it\/politica-di-privacy-generale\/","name":"Politica di privacy generale - Medical Mobility","isPartOf":{"@id":"https:\/\/medicalmobility.es\/it\/#website"},"datePublished":"2023-10-30T13:03:01+00:00","dateModified":"2023-11-02T10:59:58+00:00","breadcrumb":{"@id":"https:\/\/medicalmobility.es\/it\/politica-di-privacy-generale\/#breadcrumb"},"inLanguage":"it-IT","potentialAction":[{"@type":"ReadAction","target":["https:\/\/medicalmobility.es\/it\/politica-di-privacy-generale\/"]}]},{"@type":"BreadcrumbList","@id":"https:\/\/medicalmobility.es\/it\/politica-di-privacy-generale\/#breadcrumb","itemListElement":[{"@type":"ListItem","position":1,"name":"Portada","item":"https:\/\/medicalmobility.es\/it\/"},{"@type":"ListItem","position":2,"name":"Politica di privacy generale"}]},{"@type":"WebSite","@id":"https:\/\/medicalmobility.es\/it\/#website","url":"https:\/\/medicalmobility.es\/it\/","name":"Medical Mobility","description":"Medical Mobility es una marca Espa\u00f1ola afincada en C\u00f3rdoba con mas de 20 a\u00f1os en la importaci\u00f3n y distribuci\u00f3n de productos de ortopedia.","potentialAction":[{"@type":"SearchAction","target":{"@type":"EntryPoint","urlTemplate":"https:\/\/medicalmobility.es\/it\/?s={search_term_string}"},"query-input":"required name=search_term_string"}],"inLanguage":"it-IT"}]}},"_links":{"self":[{"href":"https:\/\/medicalmobility.es\/it\/wp-json\/wp\/v2\/pages\/4149"}],"collection":[{"href":"https:\/\/medicalmobility.es\/it\/wp-json\/wp\/v2\/pages"}],"about":[{"href":"https:\/\/medicalmobility.es\/it\/wp-json\/wp\/v2\/types\/page"}],"author":[{"embeddable":true,"href":"https:\/\/medicalmobility.es\/it\/wp-json\/wp\/v2\/users\/1"}],"replies":[{"embeddable":true,"href":"https:\/\/medicalmobility.es\/it\/wp-json\/wp\/v2\/comments?post=4149"}],"version-history":[{"count":5,"href":"https:\/\/medicalmobility.es\/it\/wp-json\/wp\/v2\/pages\/4149\/revisions"}],"predecessor-version":[{"id":4162,"href":"https:\/\/medicalmobility.es\/it\/wp-json\/wp\/v2\/pages\/4149\/revisions\/4162"}],"wp:attachment":[{"href":"https:\/\/medicalmobility.es\/it\/wp-json\/wp\/v2\/media?parent=4149"}],"curies":[{"name":"wp","href":"https:\/\/api.w.org\/{rel}","templated":true}]}}