{"id":4147,"date":"2023-10-30T12:13:12","date_gmt":"2023-10-30T11:13:12","guid":{"rendered":"https:\/\/medicalmobility.demos-idento.es\/chi-siamo\/"},"modified":"2023-11-08T08:30:36","modified_gmt":"2023-11-08T07:30:36","slug":"chi-siamo","status":"publish","type":"page","link":"https:\/\/medicalmobility.es\/it\/chi-siamo\/","title":{"rendered":"Chi siamo"},"content":{"rendered":"\n<section id=\"texto-imagen-block_4eb6acf11138a01c0bb256f0b8f03141\" class=\"texto-imagen\">\n    <div class=\"container\">        \n        <div class=\"row position-relative flex-row\">\n                        <div class=\"col-12 col-md-6 background-grey\">\n                <div class=\"row\">   \n                    <div class=\"col-md-10 col-lg-10 text-team\">\n                        <h3><span style=\"color: #1226aa;\">Medical Mobility<\/span> \u00e8 una marca spagnola con sede a Cordova che da pi\u00f9 di 20 anni si occupa dell&#8217;importazione e distribuzione di prodotti ortopedici.<\/h3>\n<p>Con<strong><span style=\"color: #1226aa;\"> la nostra nuova gamma di scooter e carrozzine elettriche,<\/span><\/strong> offriamo prodotti ad un prezzo economico senza per\u00f2 lasciare da parte la qualit\u00e0.<\/p>\n                    <\/div>\n                <\/div>\n            <\/div>\n            \n                        <div class=\"col-12 col-md-6 foto\">\n                    <img decoding=\"async\" class=\"img-sobre \" src=\"https:\/\/medicalmobility.es\/wp-content\/uploads\/img-medical-mobility.svg\" alt=\"\" \/>\n            <\/div>\n                    <\/div>\n    <\/div>\n\n<\/section>\n\n    \n\n\n<section id=\"texto-imagen-block_44e72076018b5d9f7835aafdbeca5321\" class=\"texto-imagen\">\n    <div class=\"container\">        \n        <div class=\"row position-relative flex-row-reverse\">\n                        <div class=\"col-12 col-md-6 background-grey\">\n                <div class=\"row\">   \n                    <div class=\"col-md-10 col-lg-10 text-team\">\n                        <h3>Tutti gli <span style=\"color: #1226aa;\">scooters e le carrozzine elettriche sono omologati<\/span> e certificati con marchio CE.<\/h3>\n<p><strong><span style=\"color: #1226aa;\">La garanzia per difetti di fabbricazione \u00e8 di 2 anni<\/span><\/strong> per quanto riguarda il telaio, 1 anno per motore e componenti elettriche e 6 mesi per la batteria a Litio.<\/p>\n<p><span style=\"color: #1226aa;\"><strong>Disponiamo di magazzino proprio,<\/strong><\/span> por cui i tempi di consegna sono dai 3 ai 7 giorni lavorativi per la penisola e per le isole (Sicilia e Sardegna) dipendendo dalla tipologia di prodotto.<\/p>\n<p><a href=\"https:\/\/medicalmobility.demos-idento.es\/it\/contatto\/\" class=\"cta-button\">Hai bisogno di maggiori infrmazioni?<\/a><\/p>\n                    <\/div>\n                <\/div>\n            <\/div>\n            \n                        <div class=\"col-12 col-md-6 foto\">\n                    <img decoding=\"async\" class=\"img-sobre \" src=\"https:\/\/medicalmobility.es\/wp-content\/uploads\/img-box-quienes-somos.svg\" alt=\"\" \/>\n            <\/div>\n                    <\/div>\n    <\/div>\n\n<\/section>\n\n    \n\n\n<section id=\"puntos-fuertes-block_d55683b786e2f3997a8dc0ee54e28733\" class=\"puntos-fuertes\">\n    <div class=\"bullet container\">\n        <div class=\"row align-items-start position-relative\">\n            <div class=\"col-lg-12\">\n                <div class=\"row\">\n                                        <div class=\"col-md-6 col-lg-3 p-0\">\n                        <div class=\"cuadrado\">\n                            <img decoding=\"async\" src=\"https:\/\/medicalmobility.es\/wp-content\/uploads\/icono-scooter.svg\" alt=\"\" \/>\n                            <span class=\"h2\">IL TUO SCOOTER IN 3-7 GIORNI<\/span>\n                            <span>Disponiamo di magazzino proprio per cui possiamo spedire in tempi brevi.\n<\/span>\n                        <\/div>\n                    <\/div>    \n                                        <div class=\"col-md-6 col-lg-3 p-0\">\n                        <div class=\"cuadrado\">\n                            <img decoding=\"async\" src=\"https:\/\/medicalmobility.es\/wp-content\/uploads\/icono-homologados.svg\" alt=\"\" \/>\n                            <span class=\"h2\">OMOLOGATI E CERTIFICATI<\/span>\n                            <span>Tutti i nostri prodotti sono omologati e certificati con marchio CE.\n<\/span>\n                        <\/div>\n                    <\/div>    \n                                        <div class=\"col-md-6 col-lg-3 p-0\">\n                        <div class=\"cuadrado\">\n                            <img decoding=\"async\" src=\"https:\/\/medicalmobility.es\/wp-content\/uploads\/icono-garantia.svg\" alt=\"\" \/>\n                            <span class=\"h2\">GARANZIA DI 2 ANNI<\/span>\n                            <span>Tutti i nostri prodotti hanno una garanzia di 2 anni.\n<\/span>\n                        <\/div>\n                    <\/div>    \n                                        <div class=\"col-md-6 col-lg-3 p-0\">\n                        <div class=\"cuadrado\">\n                            <img decoding=\"async\" src=\"https:\/\/medicalmobility.es\/wp-content\/uploads\/icono-calidad.svg\" alt=\"\" \/>\n                            <span class=\"h2\">QUALIT\u00c0 E PREZZI ECONOMICI<\/span>\n                            <span>Prezzi competitivi senza perdere la qualit\u00e0 dei nostri prodotti.<\/span>\n                        <\/div>\n                    <\/div>    \n                        \n                <\/div>\n            <\/div>  \n        <\/div>\n    <\/div>\n<\/section>\n\n    ","protected":false},"excerpt":{"rendered":"","protected":false},"author":1,"featured_media":0,"parent":0,"menu_order":0,"comment_status":"closed","ping_status":"closed","template":"template-content.php","meta":{"pgc_sgb_lightbox_settings":"","footnotes":""},"acf":[],"yoast_head":"<!-- This site is optimized with the Yoast SEO plugin v21.5 - https:\/\/yoast.com\/wordpress\/plugins\/seo\/ -->\n<title>Chi siamo - Medical Mobility<\/title>\n<meta name=\"description\" content=\"Medical Mobility \u00e8 una marca spagnola con sede a Cordova con pi\u00f9 di 20 anni di esprienza nell&#039;importazione e distribuzione di prodotti di ortopedia.\" \/>\n<meta name=\"robots\" content=\"index, follow, max-snippet:-1, max-image-preview:large, max-video-preview:-1\" \/>\n<link rel=\"canonical\" href=\"https:\/\/medicalmobility.es\/it\/chi-siamo\/\" \/>\n<meta property=\"og:locale\" content=\"it_IT\" \/>\n<meta property=\"og:type\" content=\"article\" \/>\n<meta property=\"og:title\" content=\"Chi siamo - Medical Mobility\" \/>\n<meta property=\"og:description\" content=\"Medical Mobility \u00e8 una marca spagnola con sede a Cordova con pi\u00f9 di 20 anni di esprienza nell&#039;importazione e distribuzione di prodotti di ortopedia.\" \/>\n<meta property=\"og:url\" content=\"https:\/\/medicalmobility.es\/it\/chi-siamo\/\" \/>\n<meta property=\"og:site_name\" content=\"Medical Mobility\" \/>\n<meta property=\"article:modified_time\" content=\"2023-11-08T07:30:36+00:00\" \/>\n<meta name=\"twitter:card\" content=\"summary_large_image\" \/>\n<script type=\"application\/ld+json\" class=\"yoast-schema-graph\">{\"@context\":\"https:\/\/schema.org\",\"@graph\":[{\"@type\":\"WebPage\",\"@id\":\"https:\/\/medicalmobility.es\/it\/chi-siamo\/\",\"url\":\"https:\/\/medicalmobility.es\/it\/chi-siamo\/\",\"name\":\"Chi siamo - Medical Mobility\",\"isPartOf\":{\"@id\":\"https:\/\/medicalmobility.es\/it\/#website\"},\"datePublished\":\"2023-10-30T11:13:12+00:00\",\"dateModified\":\"2023-11-08T07:30:36+00:00\",\"description\":\"Medical Mobility \u00e8 una marca spagnola con sede a Cordova con pi\u00f9 di 20 anni di esprienza nell'importazione e distribuzione di prodotti di ortopedia.\",\"breadcrumb\":{\"@id\":\"https:\/\/medicalmobility.es\/it\/chi-siamo\/#breadcrumb\"},\"inLanguage\":\"it-IT\",\"potentialAction\":[{\"@type\":\"ReadAction\",\"target\":[\"https:\/\/medicalmobility.es\/it\/chi-siamo\/\"]}]},{\"@type\":\"BreadcrumbList\",\"@id\":\"https:\/\/medicalmobility.es\/it\/chi-siamo\/#breadcrumb\",\"itemListElement\":[{\"@type\":\"ListItem\",\"position\":1,\"name\":\"Portada\",\"item\":\"https:\/\/medicalmobility.es\/it\/\"},{\"@type\":\"ListItem\",\"position\":2,\"name\":\"Chi siamo\"}]},{\"@type\":\"WebSite\",\"@id\":\"https:\/\/medicalmobility.es\/it\/#website\",\"url\":\"https:\/\/medicalmobility.es\/it\/\",\"name\":\"Medical Mobility\",\"description\":\"Medical Mobility es una marca Espa\u00f1ola afincada en C\u00f3rdoba con mas de 20 a\u00f1os en la importaci\u00f3n y distribuci\u00f3n de productos de ortopedia.\",\"potentialAction\":[{\"@type\":\"SearchAction\",\"target\":{\"@type\":\"EntryPoint\",\"urlTemplate\":\"https:\/\/medicalmobility.es\/it\/?s={search_term_string}\"},\"query-input\":\"required name=search_term_string\"}],\"inLanguage\":\"it-IT\"}]}<\/script>\n<!-- \/ Yoast SEO plugin. -->","yoast_head_json":{"title":"Chi siamo - Medical Mobility","description":"Medical Mobility \u00e8 una marca spagnola con sede a Cordova con pi\u00f9 di 20 anni di esprienza nell'importazione e distribuzione di prodotti di ortopedia.","robots":{"index":"index","follow":"follow","max-snippet":"max-snippet:-1","max-image-preview":"max-image-preview:large","max-video-preview":"max-video-preview:-1"},"canonical":"https:\/\/medicalmobility.es\/it\/chi-siamo\/","og_locale":"it_IT","og_type":"article","og_title":"Chi siamo - Medical Mobility","og_description":"Medical Mobility \u00e8 una marca spagnola con sede a Cordova con pi\u00f9 di 20 anni di esprienza nell'importazione e distribuzione di prodotti di ortopedia.","og_url":"https:\/\/medicalmobility.es\/it\/chi-siamo\/","og_site_name":"Medical Mobility","article_modified_time":"2023-11-08T07:30:36+00:00","twitter_card":"summary_large_image","schema":{"@context":"https:\/\/schema.org","@graph":[{"@type":"WebPage","@id":"https:\/\/medicalmobility.es\/it\/chi-siamo\/","url":"https:\/\/medicalmobility.es\/it\/chi-siamo\/","name":"Chi siamo - Medical Mobility","isPartOf":{"@id":"https:\/\/medicalmobility.es\/it\/#website"},"datePublished":"2023-10-30T11:13:12+00:00","dateModified":"2023-11-08T07:30:36+00:00","description":"Medical Mobility \u00e8 una marca spagnola con sede a Cordova con pi\u00f9 di 20 anni di esprienza nell'importazione e distribuzione di prodotti di ortopedia.","breadcrumb":{"@id":"https:\/\/medicalmobility.es\/it\/chi-siamo\/#breadcrumb"},"inLanguage":"it-IT","potentialAction":[{"@type":"ReadAction","target":["https:\/\/medicalmobility.es\/it\/chi-siamo\/"]}]},{"@type":"BreadcrumbList","@id":"https:\/\/medicalmobility.es\/it\/chi-siamo\/#breadcrumb","itemListElement":[{"@type":"ListItem","position":1,"name":"Portada","item":"https:\/\/medicalmobility.es\/it\/"},{"@type":"ListItem","position":2,"name":"Chi siamo"}]},{"@type":"WebSite","@id":"https:\/\/medicalmobility.es\/it\/#website","url":"https:\/\/medicalmobility.es\/it\/","name":"Medical Mobility","description":"Medical Mobility es una marca Espa\u00f1ola afincada en C\u00f3rdoba con mas de 20 a\u00f1os en la importaci\u00f3n y distribuci\u00f3n de productos de ortopedia.","potentialAction":[{"@type":"SearchAction","target":{"@type":"EntryPoint","urlTemplate":"https:\/\/medicalmobility.es\/it\/?s={search_term_string}"},"query-input":"required name=search_term_string"}],"inLanguage":"it-IT"}]}},"_links":{"self":[{"href":"https:\/\/medicalmobility.es\/it\/wp-json\/wp\/v2\/pages\/4147"}],"collection":[{"href":"https:\/\/medicalmobility.es\/it\/wp-json\/wp\/v2\/pages"}],"about":[{"href":"https:\/\/medicalmobility.es\/it\/wp-json\/wp\/v2\/types\/page"}],"author":[{"embeddable":true,"href":"https:\/\/medicalmobility.es\/it\/wp-json\/wp\/v2\/users\/1"}],"replies":[{"embeddable":true,"href":"https:\/\/medicalmobility.es\/it\/wp-json\/wp\/v2\/comments?post=4147"}],"version-history":[{"count":3,"href":"https:\/\/medicalmobility.es\/it\/wp-json\/wp\/v2\/pages\/4147\/revisions"}],"predecessor-version":[{"id":4183,"href":"https:\/\/medicalmobility.es\/it\/wp-json\/wp\/v2\/pages\/4147\/revisions\/4183"}],"wp:attachment":[{"href":"https:\/\/medicalmobility.es\/it\/wp-json\/wp\/v2\/media?parent=4147"}],"curies":[{"name":"wp","href":"https:\/\/api.w.org\/{rel}","templated":true}]}}