{"id":4172,"date":"2023-11-06T13:33:06","date_gmt":"2023-11-06T12:33:06","guid":{"rendered":"https:\/\/medicalmobility.demos-idento.es\/beginning\/"},"modified":"2023-11-20T17:17:32","modified_gmt":"2023-11-20T16:17:32","slug":"beginning","status":"publish","type":"page","link":"https:\/\/medicalmobility.es\/en\/","title":{"rendered":"Home"},"content":{"rendered":"\n<section id=\"cabecera-home-block_640c4ccd287413e8015e8a22cff66558\" class=\"cabecera-home hero\" style=\"background: url(https:\/\/medicalmobility.es\/wp-content\/uploads\/img-hero-4.jpg) no-repeat;\">\n    <div class=\"container\">\n        <div class=\"row\">\n            <div class=\"overlay col-lg-7\">\n                \n                                <p class=\"pretitulo\">new spectrum of <\/pretitulo>\n                                <h2>ORTHOPEDIC scooters and electric chairs<\/h2>\n                                <p class=\"slogan\">Approved and certificated CE<\/p>\n                                 \n                                <a href=\"https:\/\/medicalmobility.es\/en\/folding-electric-chair-firenze\/\" class=\"cta-button\">More info<\/a>    \n                 \n            <\/div>\n        <\/div>\n    <\/div>\n<\/section>\n\n\n\n\n<section id=\"slogan-boxblock_21c5a422fb3d8b3048b4ceb2bc5e8512\" class=\"slogan-box\">\n    <div class=\"container\">        \n        <div class=\"row alineacion flex-row-reverse\">\n                        <div class=\"col-12 col-md-8 col-lg-7 background-grey\">\n                <div class=\"row\">   \n                    <div class=\"col-md-12 col-lg-10 offset-lg-1 text-team\">\n                        <p>Medical Mobility is a spanish brand based in C\u00f3rdoba with more than 20 years of experience in the import and distribution of orthopedic products.<\/p>\n                    <\/div>\n                <\/div>\n            <\/div>\n            \n                        <div class=\"col-12 col-md-4 col-lg-5 foto\">\n                    <img decoding=\"async\" class=\"img-sobre \" src=\"https:\/\/medicalmobility.es\/wp-content\/uploads\/img-logo-home.svg\" alt=\"\" \/>\n            <\/div>\n                    <\/div>\n    <\/div>\n\n<\/section>\n\n    \n\n\n<section id=\"puntos-fuertes-block_1703fdbdab36eeac07874060c7ff4e36\" class=\"puntos-fuertes\">\n    <div class=\"bullet container\">\n        <div class=\"row align-items-start position-relative\">\n            <div class=\"col-lg-12\">\n                <div class=\"row\">\n                                        <div class=\"col-md-6 col-lg-3 p-0\">\n                        <div class=\"cuadrado\">\n                            <img decoding=\"async\" src=\"https:\/\/medicalmobility.es\/wp-content\/uploads\/icono-scooter.svg\" alt=\"\" \/>\n                            <span class=\"h2\">YOUR SCOOTER IN 24\/72 HOURS<\/span>\n                            <span>We have our storehouse, we can serve any product in few days.\n<\/span>\n                        <\/div>\n                    <\/div>    \n                                        <div class=\"col-md-6 col-lg-3 p-0\">\n                        <div class=\"cuadrado\">\n                            <img decoding=\"async\" src=\"https:\/\/medicalmobility.es\/wp-content\/uploads\/icono-homologados.svg\" alt=\"\" \/>\n                            <span class=\"h2\">APPROVED AND CERTIFICATED<\/span>\n                            <span>All our products are approved and certificated CE.\n<\/span>\n                        <\/div>\n                    <\/div>    \n                                        <div class=\"col-md-6 col-lg-3 p-0\">\n                        <div class=\"cuadrado\">\n                            <img decoding=\"async\" src=\"https:\/\/medicalmobility.es\/wp-content\/uploads\/icono-garantia.svg\" alt=\"\" \/>\n                            <span class=\"h2\">3-YEARS WARRANTY<\/span>\n                            <span>All our products have 3-years warranty.\n<\/span>\n                        <\/div>\n                    <\/div>    \n                                        <div class=\"col-md-6 col-lg-3 p-0\">\n                        <div class=\"cuadrado\">\n                            <img decoding=\"async\" src=\"https:\/\/medicalmobility.es\/wp-content\/uploads\/icono-calidad.svg\" alt=\"\" \/>\n                            <span class=\"h2\">QUALITY AND ECONOMIC PRICES<\/span>\n                            <span>Competitive prices without losing the quality of our products.<\/span>\n                        <\/div>\n                    <\/div>    \n                        \n                <\/div>\n            <\/div>  \n        <\/div>\n    <\/div>\n<\/section>\n\n    \n\n\n<section id=\"productos-block_a2a643fa5d8c575dc6567e7a8c906888\" class=\"productos\">\n    <div class=\"container\">\n        <div class=\"row alineacion position-relative flex-row bloque-texto\">\n             <div class=\"col-12 col-md-12\">\n                        <p class=\"pretitulo\">Catalogue<\/p>\n                        <h3>Spectrum of Scooters and electric chairs<\/h3>\n              <div class=\"contenido\">          \n                <p>                   With our new spectrum of scooters and electric chairs, we aim for an affordable price without neglecting the quality in the manufacturing of our products.    \n                       \n                <\/p>\n            <\/div>\n\n            <\/div>\n \n        <\/div>\n        <div class=\"col-12 blog-loop\">\n            <div class=\"row column\">\n                                <div class=\"col-md-6 col-lg-4 card-producto\">\n                    <article id=\"post-4196\" class=\"card post-4196 productos type-productos status-publish has-post-thumbnail hentry category-productos-2 category-products\" >\n                        <img decoding=\"async\" src=\"https:\/\/medicalmobility.es\/wp-content\/uploads\/img-producto.svg\" class=\"attachment-4196 size-4196 wp-post-image\" alt=\"\" \/>                        <div class=\"card-body\">\n                            <div class=\"contenido-texto\">\n                                <h4 class=\"card-title\">Folding electric chair Firenze<\/h4>\n                                <div class=\"back-card d-md-flex\"><!-- d-none d-md-block -->\n                                    <p>Our folding electric wheelchair Firenze is light and solid.<\/p>\n                                <\/div>\n\n                                 <a href=\"https:\/\/medicalmobility.es\/en\/folding-electric-chair-firenze\/\" class=\"cta-button\">\n\t\t\t\t\t\t\t\t\t More info<!-- d-md-block d-lg-none -->\n                                <\/a>\n                            <\/div>\n                            \n                        <\/div>\n                    <\/article>\n                <\/div>\n                                <div class=\"col-md-6 col-lg-4 card-producto\">\n                    <article id=\"post-4195\" class=\"card post-4195 productos type-productos status-publish has-post-thumbnail hentry category-products\" >\n                        <img decoding=\"async\" src=\"https:\/\/medicalmobility.es\/wp-content\/uploads\/img-destacado-scooter-milano.svg\" class=\"attachment-4195 size-4195 wp-post-image\" alt=\"\" \/>                        <div class=\"card-body\">\n                            <div class=\"contenido-texto\">\n                                <h4 class=\"card-title\">Folding scooter Milano<\/h4>\n                                <div class=\"back-card d-md-flex\"><!-- d-none d-md-block -->\n                                    <p>The scooter Milano is characterized by the semplicty to take in pieces its structure and transport it.<\/p>\n                                <\/div>\n\n                                 <a href=\"https:\/\/medicalmobility.es\/en\/folding-scooter-milano\/\" class=\"cta-button\">\n\t\t\t\t\t\t\t\t\t More info<!-- d-md-block d-lg-none -->\n                                <\/a>\n                            <\/div>\n                            \n                        <\/div>\n                    <\/article>\n                <\/div>\n                            \n            <\/div>\n        <\/div>\n        \n    <\/div>\n<\/section>\n\n    \n\n\n<section id=\"wising-block_44d6fbfa9277ac16f0d5fef74e6f3ba4\" class=\"wising aviso\">\n    <div class=\"container\">\n        <div class=\"row\">\n            <div class=\"col-12\">\n               <p style=\"text-align: center;\"><strong>Are you intrested?<\/strong> If you have any doubts or cuestions, contact us through our <a href=\"https:\/\/medicalmobility.es\/en\/contact\/\"><strong>contact form<\/strong><\/a>.<br \/>\n<strong>We will call you as soon as possible!<\/strong><\/p>\n            <\/div>\n        <\/div>\n    <\/div>\n<\/section>\n\n\n\n<section id=\"producto-destacado-block_bdd3e97087f375d1535629789c82e94b\" class=\"producto-destacado\">\n    <div class=\"container\">        \n        <div class=\"row position-relative flex-row box-destacado\">\n            <div class=\"col-12 col-md-12 col-lg-5 background-grey\">\n                <div class=\"row\">   \n                    <div class=\"col-md-10 col-lg-12 offset-lg-1 text-team\">\n                                                    <p class=\"pretitulo\">news<\/pretitulo>\n                                                    <h3 class=\"text-left\">Firenze folding electric wheelchair<\/h3>\n                                                    <hp class=\"contenido\"><p>Firenze is a folding electric wheelchair characterized by being very light and rubust, it only weights 27Kg (without battery) and it is for users up to 135Kg.<\/p>\n<\/p>  \n                         \n                                                    <a href=\"https:\/\/medicalmobility.es\/en\/folding-electric-chair-firenze\/\" class=\"cta-button\">More info<\/a>    \n                         \n                    <\/div>\n                <\/div>\n            <\/div>\n           \n\n                        <div class=\"col-12 col-md-12 col-lg-7 foto\">\n                    <img decoding=\"async\" class=\"img-sobre \" src=\"https:\/\/medicalmobility.es\/wp-content\/uploads\/img-producto-destacado.svg\" alt=\"\" \/>\n            <\/div>\n                    <\/div>\n    <\/div>\n\n<\/section>\n\n    ","protected":false},"excerpt":{"rendered":"","protected":false},"author":1,"featured_media":0,"parent":0,"menu_order":0,"comment_status":"closed","ping_status":"closed","template":"","meta":{"pgc_sgb_lightbox_settings":"","footnotes":""},"acf":[],"yoast_head":"<!-- This site is optimized with the Yoast SEO plugin v21.5 - https:\/\/yoast.com\/wordpress\/plugins\/seo\/ -->\n<title>\u25b7 Home<\/title>\n<meta name=\"robots\" content=\"index, follow, max-snippet:-1, max-image-preview:large, max-video-preview:-1\" \/>\n<link rel=\"canonical\" href=\"https:\/\/medicalmobility.es\/en\/\" \/>\n<meta property=\"og:locale\" content=\"en_US\" \/>\n<meta property=\"og:type\" content=\"article\" \/>\n<meta property=\"og:title\" content=\"\u25b7 Home\" \/>\n<meta property=\"og:url\" content=\"https:\/\/medicalmobility.es\/en\/\" \/>\n<meta property=\"og:site_name\" content=\"Medical Mobility\" \/>\n<meta property=\"article:modified_time\" content=\"2023-11-20T16:17:32+00:00\" \/>\n<meta name=\"twitter:card\" content=\"summary_large_image\" \/>\n<script type=\"application\/ld+json\" class=\"yoast-schema-graph\">{\"@context\":\"https:\/\/schema.org\",\"@graph\":[{\"@type\":\"WebPage\",\"@id\":\"https:\/\/medicalmobility.es\/en\/\",\"url\":\"https:\/\/medicalmobility.es\/en\/\",\"name\":\"\u25b7 Home\",\"isPartOf\":{\"@id\":\"https:\/\/medicalmobility.es\/en\/#website\"},\"datePublished\":\"2023-11-06T12:33:06+00:00\",\"dateModified\":\"2023-11-20T16:17:32+00:00\",\"breadcrumb\":{\"@id\":\"https:\/\/medicalmobility.es\/en\/#breadcrumb\"},\"inLanguage\":\"en-US\",\"potentialAction\":[{\"@type\":\"ReadAction\",\"target\":[\"https:\/\/medicalmobility.es\/en\/\"]}]},{\"@type\":\"BreadcrumbList\",\"@id\":\"https:\/\/medicalmobility.es\/en\/#breadcrumb\",\"itemListElement\":[{\"@type\":\"ListItem\",\"position\":1,\"name\":\"Portada\",\"item\":\"https:\/\/medicalmobility.es\/en\/\"},{\"@type\":\"ListItem\",\"position\":2,\"name\":\"Home\"}]},{\"@type\":\"WebSite\",\"@id\":\"https:\/\/medicalmobility.es\/en\/#website\",\"url\":\"https:\/\/medicalmobility.es\/en\/\",\"name\":\"Medical Mobility\",\"description\":\"Medical Mobility es una marca Espa\u00f1ola afincada en C\u00f3rdoba con mas de 20 a\u00f1os en la importaci\u00f3n y distribuci\u00f3n de productos de ortopedia.\",\"potentialAction\":[{\"@type\":\"SearchAction\",\"target\":{\"@type\":\"EntryPoint\",\"urlTemplate\":\"https:\/\/medicalmobility.es\/en\/?s={search_term_string}\"},\"query-input\":\"required name=search_term_string\"}],\"inLanguage\":\"en-US\"}]}<\/script>\n<!-- \/ Yoast SEO plugin. -->","yoast_head_json":{"title":"\u25b7 Home","robots":{"index":"index","follow":"follow","max-snippet":"max-snippet:-1","max-image-preview":"max-image-preview:large","max-video-preview":"max-video-preview:-1"},"canonical":"https:\/\/medicalmobility.es\/en\/","og_locale":"en_US","og_type":"article","og_title":"\u25b7 Home","og_url":"https:\/\/medicalmobility.es\/en\/","og_site_name":"Medical Mobility","article_modified_time":"2023-11-20T16:17:32+00:00","twitter_card":"summary_large_image","schema":{"@context":"https:\/\/schema.org","@graph":[{"@type":"WebPage","@id":"https:\/\/medicalmobility.es\/en\/","url":"https:\/\/medicalmobility.es\/en\/","name":"\u25b7 Home","isPartOf":{"@id":"https:\/\/medicalmobility.es\/en\/#website"},"datePublished":"2023-11-06T12:33:06+00:00","dateModified":"2023-11-20T16:17:32+00:00","breadcrumb":{"@id":"https:\/\/medicalmobility.es\/en\/#breadcrumb"},"inLanguage":"en-US","potentialAction":[{"@type":"ReadAction","target":["https:\/\/medicalmobility.es\/en\/"]}]},{"@type":"BreadcrumbList","@id":"https:\/\/medicalmobility.es\/en\/#breadcrumb","itemListElement":[{"@type":"ListItem","position":1,"name":"Portada","item":"https:\/\/medicalmobility.es\/en\/"},{"@type":"ListItem","position":2,"name":"Home"}]},{"@type":"WebSite","@id":"https:\/\/medicalmobility.es\/en\/#website","url":"https:\/\/medicalmobility.es\/en\/","name":"Medical Mobility","description":"Medical Mobility es una marca Espa\u00f1ola afincada en C\u00f3rdoba con mas de 20 a\u00f1os en la importaci\u00f3n y distribuci\u00f3n de productos de ortopedia.","potentialAction":[{"@type":"SearchAction","target":{"@type":"EntryPoint","urlTemplate":"https:\/\/medicalmobility.es\/en\/?s={search_term_string}"},"query-input":"required name=search_term_string"}],"inLanguage":"en-US"}]}},"_links":{"self":[{"href":"https:\/\/medicalmobility.es\/en\/wp-json\/wp\/v2\/pages\/4172"}],"collection":[{"href":"https:\/\/medicalmobility.es\/en\/wp-json\/wp\/v2\/pages"}],"about":[{"href":"https:\/\/medicalmobility.es\/en\/wp-json\/wp\/v2\/types\/page"}],"author":[{"embeddable":true,"href":"https:\/\/medicalmobility.es\/en\/wp-json\/wp\/v2\/users\/1"}],"replies":[{"embeddable":true,"href":"https:\/\/medicalmobility.es\/en\/wp-json\/wp\/v2\/comments?post=4172"}],"version-history":[{"count":5,"href":"https:\/\/medicalmobility.es\/en\/wp-json\/wp\/v2\/pages\/4172\/revisions"}],"predecessor-version":[{"id":4233,"href":"https:\/\/medicalmobility.es\/en\/wp-json\/wp\/v2\/pages\/4172\/revisions\/4233"}],"wp:attachment":[{"href":"https:\/\/medicalmobility.es\/en\/wp-json\/wp\/v2\/media?parent=4172"}],"curies":[{"name":"wp","href":"https:\/\/api.w.org\/{rel}","templated":true}]}}